{"id":2143,"date":"2025-07-09T15:51:23","date_gmt":"2025-07-09T15:51:23","guid":{"rendered":"https:\/\/joerg.schey-hoerner.de\/?page_id=2143"},"modified":"2025-07-10T14:52:22","modified_gmt":"2025-07-10T14:52:22","slug":"kontakt","status":"publish","type":"page","link":"https:\/\/joerg.schey-hoerner.de\/index.php\/kontakt\/","title":{"rendered":"Kontakt"},"content":{"rendered":"<div class=\"fusion-fullwidth fullwidth-box fusion-builder-row-1 fusion-flex-container nonhundred-percent-fullwidth non-hundred-percent-height-scrolling\" style=\"--awb-border-radius-top-left:0px;--awb-border-radius-top-right:0px;--awb-border-radius-bottom-right:0px;--awb-border-radius-bottom-left:0px;--awb-padding-top:7vw;--awb-padding-bottom:3vw;--awb-padding-top-small:8vw;--awb-flex-wrap:wrap;\" ><div class=\"fusion-builder-row fusion-row fusion-flex-align-items-flex-start fusion-flex-content-wrap\" style=\"max-width:1365px;margin-left: calc(-5% \/ 2 );margin-right: calc(-5% \/ 2 );\"><div class=\"fusion-layout-column fusion_builder_column fusion-builder-column-0 fusion_builder_column_1_1 1_1 fusion-flex-column\" style=\"--awb-bg-size:cover;--awb-width-large:100%;--awb-margin-top-large:0px;--awb-spacing-right-large:2.375%;--awb-margin-bottom-large:20px;--awb-spacing-left-large:2.375%;--awb-width-medium:100%;--awb-order-medium:0;--awb-spacing-right-medium:2.375%;--awb-spacing-left-medium:2.375%;--awb-width-small:100%;--awb-order-small:0;--awb-spacing-right-small:2.375%;--awb-spacing-left-small:2.375%;\"><div class=\"fusion-column-wrapper fusion-column-has-shadow fusion-flex-justify-content-flex-start fusion-content-layout-column\"><div class=\"fusion-text fusion-text-1 fusion-text-no-margin\" style=\"--awb-margin-top:1.5vw;--awb-margin-bottom:1.5vw;\"><p>Sie m\u00f6chten einen Termin vereinbaren oder haben Fragen? Wir sind gerne f\u00fcr Sie da!<\/p>\n<\/div><div class=\"fusion-text fusion-text-2 fusion-text-no-margin\" style=\"--awb-margin-top:1.5vw;--awb-margin-bottom:1.5vw;\"><p>Andrea Joerg<br \/>\nBensheimer Stra\u00dfe 5<br \/>\n64625 Bensheim<br \/>\nTelefon: 06251 789770<br \/>\nFax: 06251 789772<\/p>\n<\/div><\/div><\/div><div class=\"fusion-layout-column fusion_builder_column fusion-builder-column-1 fusion_builder_column_1_1 1_1 fusion-flex-column\" style=\"--awb-bg-size:cover;--awb-width-large:100%;--awb-margin-top-large:0px;--awb-spacing-right-large:2.375%;--awb-margin-bottom-large:20px;--awb-spacing-left-large:2.375%;--awb-width-medium:100%;--awb-order-medium:0;--awb-spacing-right-medium:2.375%;--awb-spacing-left-medium:2.375%;--awb-width-small:100%;--awb-order-small:0;--awb-spacing-right-small:2.375%;--awb-spacing-left-small:2.375%;\"><div class=\"fusion-column-wrapper fusion-column-has-shadow fusion-flex-justify-content-flex-start fusion-content-layout-column\"><div class=\"fusion-title title fusion-title-1 fusion-sep-none fusion-title-text fusion-title-size-three\" style=\"--awb-margin-bottom:1.5vw;\"><h3 class=\"fusion-title-heading title-heading-left\" style=\"margin:0;\">Sprechzeiten<\/h3><\/div>\n<div class=\"table-1\">\n<p>&nbsp;<\/p>\n<table width=\"100%\">\n<tbody>\n<tr>\n<td align=\"left\">Montag<\/td>\n<td align=\"left\">08.00 &#8211; 10.00<br \/>\n17.00 &#8211; 18.00<\/td>\n<\/tr>\n<tr>\n<td align=\"left\">Dienstag<\/td>\n<td align=\"left\">09.00 &#8211; 11.00<br \/>\n17.00 &#8211; 18.00<\/td>\n<\/tr>\n<tr>\n<td align=\"left\">Mittwoch<\/td>\n<td align=\"left\">geschlossen<\/td>\n<\/tr>\n<tr>\n<td align=\"left\">Donnerstag<\/td>\n<td align=\"left\">09.00 &#8211; 11.00<br \/>\n17.00 &#8211; 19.00<\/td>\n<\/tr>\n<tr>\n<td align=\"left\">Freitag<\/td>\n<td align=\"left\">09.00 &#8211; 11.00<\/td>\n<\/tr>\n<\/tbody>\n<\/table>\n<\/div>\n<\/div><\/div><div class=\"fusion-layout-column fusion_builder_column fusion-builder-column-2 fusion_builder_column_1_1 1_1 fusion-flex-column\" style=\"--awb-padding-top:3vw;--awb-bg-size:cover;--awb-width-large:100%;--awb-margin-top-large:0px;--awb-spacing-right-large:2.375%;--awb-margin-bottom-large:20px;--awb-spacing-left-large:2.375%;--awb-width-medium:100%;--awb-order-medium:0;--awb-spacing-right-medium:2.375%;--awb-spacing-left-medium:2.375%;--awb-width-small:100%;--awb-order-small:0;--awb-spacing-right-small:2.375%;--awb-spacing-left-small:2.375%;\" data-scroll-devices=\"small-visibility,medium-visibility,large-visibility\"><div class=\"fusion-column-wrapper fusion-column-has-shadow fusion-flex-justify-content-flex-start fusion-content-layout-column\"><div class=\"fusion-text fusion-text-3\"><p>Grunds\u00e4tzlich bitten wir um vorherige Terminabsprache, auch bei akuten Anl\u00e4ssen!<\/p>\n<\/div><div class=\"fusion-text fusion-text-4\"><p><em>Gesonderte Termine au\u00dferhalb der Sprechstunden f\u00fcr:<\/em><\/p>\n<\/div><div class=\"fusion-text fusion-text-5\"><p>Labor, Infusionen, Impfungen, Spritzen, Elektrotherapie, Technische Untersuchungen (EKG, Ultraschall) Krebs- u. Gesundheitsvorsorgeuntersuchungen, Schmerztherapie, Akupunktur, Hom\u00f6opathie, Verb\u00e4nde, Ausf\u00fchrliche Gespr\u00e4che,<br \/>\nBefundbesprechungen, Antr\u00e4ge f\u00fcr Kuren o.\u00e4., Erstkontakt neuer Patienten<\/p>\n<\/div><div class=\"fusion-text fusion-text-6\"><p>Wir erlauben uns, folgende Patienten\/Patientinnen gegebenenfalls vorzuziehen, auch wenn Sie einen Termin vereinbart hatten:<\/p>\n<\/div><div class=\"fusion-text fusion-text-7\"><ul>\n<li>Patienten, denen es aufgrund ihrer Erkrankung sehr schlecht geht oder die hohes Fieber haben<\/li>\n<li>Schmerzpatienten<\/li>\n<li>Kinder und M\u00fctter mit Kleinkindern<\/li>\n<\/ul>\n<\/div><div class=\"fusion-text fusion-text-8\"><p>Wir bitten Sie alle hierf\u00fcr um Ihr Verst\u00e4ndnis, auch wenn Sie sich durch diese Handhabung benachteiligt f\u00fchlen.<\/p>\n<\/div><\/div><\/div><div class=\"fusion-layout-column fusion_builder_column fusion-builder-column-3 fusion_builder_column_1_1 1_1 fusion-flex-column\" style=\"--awb-bg-size:cover;--awb-width-large:100%;--awb-margin-top-large:0px;--awb-spacing-right-large:2.375%;--awb-margin-bottom-large:20px;--awb-spacing-left-large:2.375%;--awb-width-medium:100%;--awb-order-medium:0;--awb-spacing-right-medium:2.375%;--awb-spacing-left-medium:2.375%;--awb-width-small:100%;--awb-order-small:0;--awb-spacing-right-small:2.375%;--awb-spacing-left-small:2.375%;\"><div class=\"fusion-column-wrapper fusion-column-has-shadow fusion-flex-justify-content-flex-start fusion-content-layout-column\"><div class=\"fusion-title title fusion-title-2 fusion-sep-none fusion-title-text fusion-title-size-three\" style=\"--awb-margin-bottom:1.5vw;\"><h3 class=\"fusion-title-heading title-heading-left\" style=\"margin:0;\">Termine online buchen<\/h3><\/div><div class=\"fusion-text fusion-text-9 fusion-text-no-margin\" style=\"--awb-margin-top:1.5vw;--awb-margin-bottom:1.5vw;\"><p>(An dieser Stelle k\u00f6nnen sie bald selbst online Termine buchen)<\/p>\n<\/div><\/div><\/div><div class=\"fusion-layout-column fusion_builder_column fusion-builder-column-4 fusion_builder_column_1_1 1_1 fusion-flex-column\" style=\"--awb-bg-size:cover;--awb-width-large:100%;--awb-margin-top-large:0px;--awb-spacing-right-large:2.375%;--awb-margin-bottom-large:20px;--awb-spacing-left-large:2.375%;--awb-width-medium:100%;--awb-order-medium:0;--awb-spacing-right-medium:2.375%;--awb-spacing-left-medium:2.375%;--awb-width-small:100%;--awb-order-small:0;--awb-spacing-right-small:2.375%;--awb-spacing-left-small:2.375%;\"><div class=\"fusion-column-wrapper fusion-column-has-shadow fusion-flex-justify-content-flex-start fusion-content-layout-column\"><div class=\"fusion-title title fusion-title-3 fusion-sep-none fusion-title-text fusion-title-size-three\" style=\"--awb-margin-bottom:1.5vw;\"><h3 class=\"fusion-title-heading title-heading-left\" style=\"margin:0;\">Terminabsagen<\/h3><\/div><div class=\"fusion-text fusion-text-10 fusion-text-no-margin\" style=\"--awb-margin-top:1.5vw;--awb-margin-bottom:1.5vw;\"><p>Terminabsagen m\u00fcssen rechtzeitig (m\u00f6glichst 48 Std. vorher) erfolgen.<br \/>\nSollten Sie einen vereinbarten Termin ohne triftigen Grund nicht einhalten, behalten wir uns vor, je nach Aufwand f\u00fcr diesen Termin ein Ausfallhonorar in Rechnung zu stellen und Ihnen k\u00fcnftig keine weiteren Termine mehr zu vergeben.<\/p>\n<\/div><\/div><\/div><div class=\"fusion-layout-column fusion_builder_column fusion-builder-column-5 fusion_builder_column_1_1 1_1 fusion-flex-column\" style=\"--awb-bg-size:cover;--awb-width-large:100%;--awb-margin-top-large:0px;--awb-spacing-right-large:2.375%;--awb-margin-bottom-large:20px;--awb-spacing-left-large:2.375%;--awb-width-medium:100%;--awb-order-medium:0;--awb-spacing-right-medium:2.375%;--awb-spacing-left-medium:2.375%;--awb-width-small:100%;--awb-order-small:0;--awb-spacing-right-small:2.375%;--awb-spacing-left-small:2.375%;\"><div class=\"fusion-column-wrapper fusion-column-has-shadow fusion-flex-justify-content-flex-start fusion-content-layout-column\"><div class=\"fusion-title title fusion-title-4 fusion-sep-none fusion-title-text fusion-title-size-three\" style=\"--awb-margin-bottom:1.5vw;\"><h3 class=\"fusion-title-heading title-heading-left\" style=\"margin:0;\">Rezepte\/\u00dcberweisungen<\/h3><\/div><div class=\"fusion-text fusion-text-11 fusion-text-no-margin\" style=\"--awb-margin-top:1.5vw;--awb-margin-bottom:1.5vw;\"><p>W\u00fcnsche f\u00fcr Rezepte, \u00dcberweisungen u. \u00e4., die bis 11:00 Uhr abgegeben werden, k\u00f6nnen nachmittags ab 16:00 Uhr abgeholt werden.<br \/>\nSp\u00e4ter eingereichte Anforderungen k\u00f6nnen erst am n\u00e4chsten Vormittag abgeholt werden.<\/p>\n<\/div><div class=\"fusion-text fusion-text-12 fusion-text-no-margin\" style=\"--awb-margin-top:1.5vw;--awb-margin-bottom:1.5vw;\"><p>Wir danken f\u00fcr Ihr Verst\u00e4ndnis!<\/p>\n<\/div><\/div><\/div><div class=\"fusion-layout-column fusion_builder_column fusion-builder-column-6 fusion_builder_column_1_1 1_1 fusion-flex-column\" style=\"--awb-bg-size:cover;--awb-width-large:100%;--awb-margin-top-large:0px;--awb-spacing-right-large:2.375%;--awb-margin-bottom-large:20px;--awb-spacing-left-large:2.375%;--awb-width-medium:100%;--awb-order-medium:0;--awb-spacing-right-medium:2.375%;--awb-spacing-left-medium:2.375%;--awb-width-small:100%;--awb-order-small:0;--awb-spacing-right-small:2.375%;--awb-spacing-left-small:2.375%;\"><div class=\"fusion-column-wrapper fusion-column-has-shadow fusion-flex-justify-content-flex-start fusion-content-layout-column\"><div class=\"fusion-title title fusion-title-5 fusion-sep-none fusion-title-text fusion-title-size-three\" style=\"--awb-margin-bottom:1.5vw;\"><h3 class=\"fusion-title-heading title-heading-left\" style=\"margin:0;\">Anfahrt<\/h3><\/div><div class=\"fusion-text fusion-text-13 fusion-text-no-margin\" style=\"--awb-margin-top:1.5vw;--awb-margin-bottom:1.5vw;\"><p>(Hier folgt in K\u00fcrze eine Anfahrtsbeschreibung zu unserer Praxis.)<\/p>\n<\/div><\/div><\/div><\/div><\/div>\n","protected":false},"excerpt":{"rendered":"","protected":false},"author":1,"featured_media":2187,"parent":0,"menu_order":0,"comment_status":"closed","ping_status":"closed","template":"100-width.php","meta":{"footnotes":""},"class_list":["post-2143","page","type-page","status-publish","has-post-thumbnail","hentry"],"_links":{"self":[{"href":"https:\/\/joerg.schey-hoerner.de\/index.php\/wp-json\/wp\/v2\/pages\/2143","targetHints":{"allow":["GET"]}}],"collection":[{"href":"https:\/\/joerg.schey-hoerner.de\/index.php\/wp-json\/wp\/v2\/pages"}],"about":[{"href":"https:\/\/joerg.schey-hoerner.de\/index.php\/wp-json\/wp\/v2\/types\/page"}],"author":[{"embeddable":true,"href":"https:\/\/joerg.schey-hoerner.de\/index.php\/wp-json\/wp\/v2\/users\/1"}],"replies":[{"embeddable":true,"href":"https:\/\/joerg.schey-hoerner.de\/index.php\/wp-json\/wp\/v2\/comments?post=2143"}],"version-history":[{"count":19,"href":"https:\/\/joerg.schey-hoerner.de\/index.php\/wp-json\/wp\/v2\/pages\/2143\/revisions"}],"predecessor-version":[{"id":2223,"href":"https:\/\/joerg.schey-hoerner.de\/index.php\/wp-json\/wp\/v2\/pages\/2143\/revisions\/2223"}],"wp:featuredmedia":[{"embeddable":true,"href":"https:\/\/joerg.schey-hoerner.de\/index.php\/wp-json\/wp\/v2\/media\/2187"}],"wp:attachment":[{"href":"https:\/\/joerg.schey-hoerner.de\/index.php\/wp-json\/wp\/v2\/media?parent=2143"}],"curies":[{"name":"wp","href":"https:\/\/api.w.org\/{rel}","templated":true}]}}